{"id":47,"date":"2015-07-25T13:42:28","date_gmt":"2015-07-25T12:42:28","guid":{"rendered":"http:\/\/5.150.195.197\/~ysex\/?page_id=47"},"modified":"2021-10-21T13:13:42","modified_gmt":"2021-10-21T11:13:42","slug":"kontakt","status":"publish","type":"page","link":"https:\/\/www.ysex.se\/?page_id=47","title":{"rendered":"Kontakt"},"content":{"rendered":"<div id=\"pl-47\"  class=\"panel-layout\" ><div id=\"pg-47-0\"  class=\"panel-grid panel-has-style\" ><div style=\"padding: 100px 0; \" data-overlay=\"true\" data-overlay-color=\"#000000\" class=\"panel-row-style panel-row-style-for-47-0\" ><div id=\"pgc-47-0-0\"  class=\"panel-grid-cell\" ><div id=\"panel-47-0-0-0\" class=\"so-panel widget widget_black-studio-tinymce widget_black_studio_tinymce panel-first-child panel-last-child\" data-index=\"0\" ><div style=\"text-align: left;\" data-title-color=\"#443f3f\" data-headings-color=\"#443f3f\" class=\"panel-widget-style panel-widget-style-for-47-0-0-0\" ><h3 class=\"widget-title\">Kontakt<\/h3><div class=\"textwidget\"><p style=\"text-align: center;\"><span class=\"su-animate\" style=\"opacity:0;-webkit-animation-duration:1.5s;-webkit-animation-delay:0s;animation-duration:1.5s;animation-delay:0s;\" data-animation=\"fadeIn\" data-duration=\"1.5\" data-delay=\"0\">Vi svarar oftast inom en arbetsdag, med undantag f\u00f6r storhelger, semester samt tenta-period.\u00a0<\/span><\/p>\n<p style=\"text-align: center;\"><span class=\"su-animate\" style=\"opacity:0;-webkit-animation-duration:1.5s;-webkit-animation-delay:0s;animation-duration:1.5s;animation-delay:0s;\" data-animation=\"fadeIn\" data-duration=\"1.5\" data-delay=\"0\"><strong>Allm\u00e4nna fr\u00e5gor<\/strong><br \/>\n<span style=\"text-decoration: underline;\"><span style=\"color: #000000;\"><a style=\"color: #000000; text-decoration: underline;\" href=\"mailto:info@ysex.se\">info@ysex.se<\/a><\/span><\/span><\/span><\/p>\n<p style=\"text-align: center;\"><span class=\"su-animate\" style=\"opacity:0;-webkit-animation-duration:1.5s;-webkit-animation-delay:0s;animation-duration:1.5s;animation-delay:0s;\" data-animation=\"fadeIn\" data-duration=\"1.5\" data-delay=\"0\"><strong>Sponsorf\u00f6rfr\u00e5gningar<\/strong><br \/>\n<span style=\"text-decoration: underline;\"><span style=\"color: #000000;\"><a style=\"color: #000000; text-decoration: underline;\" href=\"mailto:spons@ysex.se\">spons@ysex.se<\/a><\/span><\/span><\/span><\/p>\n<p style=\"text-align: center;\"><span class=\"su-animate\" style=\"opacity:0;-webkit-animation-duration:1.5s;-webkit-animation-delay:0s;animation-duration:1.5s;animation-delay:0s;\" data-animation=\"fadeIn\" data-duration=\"1.5\" data-delay=\"0\"><strong>Gyckelf\u00f6rfr\u00e5gningar<\/strong><br \/>\n<span style=\"text-decoration: underline;\"><span style=\"color: #000000;\"><a style=\"color: #000000; text-decoration: underline;\" href=\"mailto:gyckel@ysex.se\">gyckel@ysex.se<\/a><\/span><\/span><\/span><\/p>\n<p style=\"text-align: center;\"><span class=\"su-animate\" style=\"opacity:0;-webkit-animation-duration:1.5s;-webkit-animation-delay:0s;animation-duration:1.5s;animation-delay:0s;\" data-animation=\"fadeIn\" data-duration=\"1.5\" data-delay=\"0\"><strong>Biljettfr\u00e5gor<\/strong><br \/>\n<span style=\"text-decoration: underline;\"><span style=\"color: #000000;\"><a style=\"color: #000000; text-decoration: underline;\" href=\"mailto:biljett@ysex.se\">biljett@ysex.se<\/a><\/span><\/span><\/span><\/p>\n<p style=\"text-align: center;\"><span class=\"su-animate\" style=\"opacity:0;-webkit-animation-duration:1.5s;-webkit-animation-delay:0s;animation-duration:1.5s;animation-delay:0s;\" data-animation=\"fadeIn\" data-duration=\"1.5\" data-delay=\"0\"><strong>Tryckavdelning<\/strong><br \/>\n<span style=\"text-decoration: underline;\"><span style=\"color: #000000;\"><a style=\"color: #000000; text-decoration: underline;\" href=\"mailto:kuk@ysex.se\">kuk@ysex.se<\/a><\/span><\/span><\/span><\/p>\n<p style=\"text-align: center;\"><span class=\"su-animate\" style=\"opacity:0;-webkit-animation-duration:1.5s;-webkit-animation-delay:0s;animation-duration:1.5s;animation-delay:0s;\" data-animation=\"fadeIn\" data-duration=\"1.5\" data-delay=\"0\"><strong>Br\u00e5ttom<\/strong><br \/>\n<span style=\"text-decoration: underline;\"><span style=\"color: #000000;\"><a style=\"color: #000000; text-decoration: underline;\" href=\"mailto:ysex@ysex.se\">ysex@ysex.se<\/a><\/span><\/span><\/span><\/p>\n<p style=\"text-align: center;\"><span class=\"su-animate\" style=\"opacity:0;-webkit-animation-duration:1.5s;-webkit-animation-delay:0s;animation-duration:1.5s;animation-delay:0s;\" data-animation=\"fadeIn\" data-duration=\"1.5\" data-delay=\"0\"><strong>Personalfr\u00e5gor<\/strong><br \/>\n<span style=\"text-decoration: underline;\"><span style=\"color: #000000;\"><a style=\"color: #000000; text-decoration: underline;\" href=\"mailto:personal@ysex.se\">personal@ysex.se<\/a><\/span><\/span><\/span><\/p>\n<p style=\"text-align: center;\"><span class=\"su-animate\" style=\"opacity:0;-webkit-animation-duration:1.5s;-webkit-animation-delay:0s;animation-duration:1.5s;animation-delay:0s;\" data-animation=\"fadeIn\" data-duration=\"1.5\" data-delay=\"0\"><strong>Ljud&amp;ljus-fr\u00e5gor<\/strong><br \/>\n<span style=\"text-decoration: underline;\"><span style=\"color: #000000;\"><a style=\"color: #000000; text-decoration: underline;\" href=\"mailto:personal@ysex.se\">ljudochljus@ysex.se<\/a><\/span><\/span><\/span><\/p>\n<p style=\"text-align: center;\"><span class=\"su-animate\" style=\"opacity:0;-webkit-animation-duration:1.5s;-webkit-animation-delay:0s;animation-duration:1.5s;animation-delay:0s;\" data-animation=\"fadeIn\" data-duration=\"1.5\" data-delay=\"0\">Vi hyr \u00e4ven ut v\u00e5r popcornmaskin PopY. F\u00f6r fr\u00e5gor och bokning av den, maila <span style=\"color: #000000;\"><span style=\"text-decoration: underline;\"><a style=\"color: #000000; text-decoration: underline;\" href=\"mailto:intendent@ysex.se\">intendent@ysex.se<\/a><\/span>.<\/span><\/span><\/p>\n<\/div><\/div><\/div><\/div><\/div><\/div><\/div>","protected":false},"excerpt":{"rendered":"<p>KontaktVi svarar oftast inom en arbetsdag, med undantag f\u00f6r storhelger, semester samt tenta-period.\u00a0 Allm\u00e4nna fr\u00e5gor info@ysex.se Sponsorf\u00f6rfr\u00e5gningar spons@ysex.se Gyckelf\u00f6rfr\u00e5gningar gyckel@ysex.se Biljettfr\u00e5gor biljett@ysex.se [&hellip;]<\/p>\n","protected":false},"author":6,"featured_media":0,"parent":0,"menu_order":0,"comment_status":"closed","ping_status":"closed","template":"page-templates\/page_front-page.php","meta":{"footnotes":""},"class_list":["post-47","page","type-page","status-publish","hentry"],"jetpack_sharing_enabled":true,"_links":{"self":[{"href":"https:\/\/www.ysex.se\/index.php?rest_route=\/wp\/v2\/pages\/47","targetHints":{"allow":["GET"]}}],"collection":[{"href":"https:\/\/www.ysex.se\/index.php?rest_route=\/wp\/v2\/pages"}],"about":[{"href":"https:\/\/www.ysex.se\/index.php?rest_route=\/wp\/v2\/types\/page"}],"author":[{"embeddable":true,"href":"https:\/\/www.ysex.se\/index.php?rest_route=\/wp\/v2\/users\/6"}],"replies":[{"embeddable":true,"href":"https:\/\/www.ysex.se\/index.php?rest_route=%2Fwp%2Fv2%2Fcomments&post=47"}],"version-history":[{"count":60,"href":"https:\/\/www.ysex.se\/index.php?rest_route=\/wp\/v2\/pages\/47\/revisions"}],"predecessor-version":[{"id":4884,"href":"https:\/\/www.ysex.se\/index.php?rest_route=\/wp\/v2\/pages\/47\/revisions\/4884"}],"wp:attachment":[{"href":"https:\/\/www.ysex.se\/index.php?rest_route=%2Fwp%2Fv2%2Fmedia&parent=47"}],"curies":[{"name":"wp","href":"https:\/\/api.w.org\/{rel}","templated":true}]}}